{"id":1069,"date":"2014-05-11T20:46:39","date_gmt":"2014-05-11T20:46:39","guid":{"rendered":"http:\/\/tiflis.local\/?page_id=1069"},"modified":"2014-05-11T20:46:39","modified_gmt":"2014-05-11T20:46:39","slug":"exhibition-opening","status":"publish","type":"page","link":"https:\/\/in-tiflis.de\/en\/exhibition-opening\/","title":{"rendered":"Exhibition &#8211; Opening"},"content":{"rendered":"<p>Gasteig Kulturzentrum M\u00fcnchen, Glashalle<br \/>\nAusstellungser\u00f6ffnung am 18.03.2014<\/p>\n<p>Bitte anklicken zum Vergr\u00f6\u00dfern!<\/p>\n\r\n\t\t<style type='text\/css'>\r\n\t\t\t#gallery-1 {\r\n\t\t\t\tmargin: auto;\r\n\t\t\t}\r\n\t\t\t#gallery-1 .gallery-item {\r\n\t\t\t\tfloat: left;\r\n\t\t\t\tmargin-top: 10px;\r\n\t\t\t\ttext-align: center;\r\n\t\t\t\twidth: 25%;\r\n\t\t\t}\r\n\t\t\t#gallery-1 img {\r\n\t\t\t\tborder: 2px solid #cfcfcf;\r\n\t\t\t}\r\n\t\t\t#gallery-1 .gallery-caption {\r\n\t\t\t\tmargin-left: 0;\r\n\t\t\t}\r\n\t\t<\/style>\r\n\t\t<!-- see gallery_shortcode() in wp-includes\/media.php -->\n\t\t<div id='gallery-1' class='gallery galleryid-1069 gallery-columns-4 gallery-size-thumbnail gallery1'><script type=\"text\/javascript\">\r\n\/\/ <![CDATA[\r\n\tjQuery(document).ready(function () {\r\n\t\tjQuery(\".gallery1 a\").attr(\"rel\",\"gallery1\");\t\r\n\t\tjQuery('a[rel=\"gallery1\"]').colorbox({maxWidth:\"95%\", maxHeight:\"95%\",title: function(){ return jQuery(this).children().attr(\"alt\"); }, });\r\n\t});\r\n\/\/ ]]>\r\n<\/script>\n<dl class=\"gallery-item\">\n<dt class=\"gallery-icon\">\r\n<a href=\"https:\/\/in-tiflis.de\/wp-content\/uploads\/IMG_0015-web.jpg\" title=\"\" rel=\"gallery1\"><img loading=\"lazy\" decoding=\"async\" src=\"https:\/\/in-tiflis.de\/wp-content\/uploads\/IMG_0015-web-150x150.jpg\" width=\"150\" height=\"150\" alt=\"\" \/><\/a>\r\n<\/dt><\/dl><dl class=\"gallery-item\">\n<dt class=\"gallery-icon\">\r\n<a href=\"https:\/\/in-tiflis.de\/wp-content\/uploads\/IMG_0023-web.jpg\" title=\"\" rel=\"gallery1\"><img loading=\"lazy\" decoding=\"async\" src=\"https:\/\/in-tiflis.de\/wp-content\/uploads\/IMG_0023-web-150x150.jpg\" width=\"150\" height=\"150\" alt=\"\" \/><\/a>\r\n<\/dt><\/dl><dl class=\"gallery-item\">\n<dt class=\"gallery-icon\">\r\n<a href=\"https:\/\/in-tiflis.de\/wp-content\/uploads\/IMG_0066-web.jpg\" title=\"\" rel=\"gallery1\"><img loading=\"lazy\" decoding=\"async\" src=\"https:\/\/in-tiflis.de\/wp-content\/uploads\/IMG_0066-web-150x150.jpg\" width=\"150\" height=\"150\" alt=\"\" \/><\/a>\r\n<\/dt><\/dl><dl class=\"gallery-item\">\n<dt class=\"gallery-icon\">\r\n<a href=\"https:\/\/in-tiflis.de\/wp-content\/uploads\/IMG_0043-web.jpg\" title=\"\" rel=\"gallery1\"><img loading=\"lazy\" decoding=\"async\" src=\"https:\/\/in-tiflis.de\/wp-content\/uploads\/IMG_0043-web-150x150.jpg\" width=\"150\" height=\"150\" alt=\"\" \/><\/a>\r\n<\/dt><\/dl><br style=\"clear: both\" \/><dl class=\"gallery-item\">\n<dt class=\"gallery-icon\">\r\n<a href=\"https:\/\/in-tiflis.de\/wp-content\/uploads\/IMG_0057-web.jpg\" title=\"\" rel=\"gallery1\"><img loading=\"lazy\" decoding=\"async\" src=\"https:\/\/in-tiflis.de\/wp-content\/uploads\/IMG_0057-web-150x150.jpg\" width=\"150\" height=\"150\" alt=\"\" \/><\/a>\r\n<\/dt><\/dl><dl class=\"gallery-item\">\n<dt class=\"gallery-icon\">\r\n<a href=\"https:\/\/in-tiflis.de\/wp-content\/uploads\/IMG_0051-web.jpg\" title=\"\" rel=\"gallery1\"><img loading=\"lazy\" decoding=\"async\" src=\"https:\/\/in-tiflis.de\/wp-content\/uploads\/IMG_0051-web-150x150.jpg\" width=\"150\" height=\"150\" alt=\"\" \/><\/a>\r\n<\/dt><\/dl><dl class=\"gallery-item\">\n<dt class=\"gallery-icon\">\r\n<a href=\"https:\/\/in-tiflis.de\/wp-content\/uploads\/IMG_0199-web.jpg\" title=\"\" rel=\"gallery1\"><img loading=\"lazy\" decoding=\"async\" src=\"https:\/\/in-tiflis.de\/wp-content\/uploads\/IMG_0199-web-150x150.jpg\" width=\"150\" height=\"150\" alt=\"\" \/><\/a>\r\n<\/dt><\/dl><dl class=\"gallery-item\">\n<dt class=\"gallery-icon\">\r\n<a href=\"https:\/\/in-tiflis.de\/wp-content\/uploads\/IMG_0072-web.jpg\" title=\"\" rel=\"gallery1\"><img loading=\"lazy\" decoding=\"async\" src=\"https:\/\/in-tiflis.de\/wp-content\/uploads\/IMG_0072-web-150x150.jpg\" width=\"150\" height=\"150\" alt=\"\" \/><\/a>\r\n<\/dt><\/dl><br style=\"clear: both\" \/><dl class=\"gallery-item\">\n<dt class=\"gallery-icon\">\r\n<a href=\"https:\/\/in-tiflis.de\/wp-content\/uploads\/IMG_0137-web.jpg\" title=\"\" rel=\"gallery1\"><img loading=\"lazy\" decoding=\"async\" src=\"https:\/\/in-tiflis.de\/wp-content\/uploads\/IMG_0137-web-150x150.jpg\" width=\"150\" height=\"150\" alt=\"\" \/><\/a>\r\n<\/dt><\/dl><dl class=\"gallery-item\">\n<dt class=\"gallery-icon\">\r\n<a href=\"https:\/\/in-tiflis.de\/wp-content\/uploads\/IMG_0140-web.jpg\" title=\"\" rel=\"gallery1\"><img loading=\"lazy\" decoding=\"async\" src=\"https:\/\/in-tiflis.de\/wp-content\/uploads\/IMG_0140-web-150x150.jpg\" width=\"150\" height=\"150\" alt=\"\" \/><\/a>\r\n<\/dt><\/dl><dl class=\"gallery-item\">\n<dt class=\"gallery-icon\">\r\n<a href=\"https:\/\/in-tiflis.de\/wp-content\/uploads\/IMG_0149-b-web.jpg\" title=\"\" rel=\"gallery1\"><img loading=\"lazy\" decoding=\"async\" src=\"https:\/\/in-tiflis.de\/wp-content\/uploads\/IMG_0149-b-web-150x150.jpg\" width=\"150\" height=\"150\" alt=\"\" \/><\/a>\r\n<\/dt><\/dl><dl class=\"gallery-item\">\n<dt class=\"gallery-icon\">\r\n<a href=\"https:\/\/in-tiflis.de\/wp-content\/uploads\/IMG_0169-web.jpg\" title=\"\" rel=\"gallery1\"><img loading=\"lazy\" decoding=\"async\" src=\"https:\/\/in-tiflis.de\/wp-content\/uploads\/IMG_0169-web-150x150.jpg\" width=\"150\" height=\"150\" alt=\"\" \/><\/a>\r\n<\/dt><\/dl><br style=\"clear: both\" \/><dl class=\"gallery-item\">\n<dt class=\"gallery-icon\">\r\n<a href=\"https:\/\/in-tiflis.de\/wp-content\/uploads\/IMG_9922-web.jpg\" title=\"\" rel=\"gallery1\"><img loading=\"lazy\" decoding=\"async\" src=\"https:\/\/in-tiflis.de\/wp-content\/uploads\/IMG_9922-web-150x150.jpg\" width=\"150\" height=\"150\" alt=\"\" \/><\/a>\r\n<\/dt><\/dl><dl class=\"gallery-item\">\n<dt class=\"gallery-icon\">\r\n<a href=\"https:\/\/in-tiflis.de\/wp-content\/uploads\/IMG_9896-web.jpg\" title=\"\" rel=\"gallery1\"><img loading=\"lazy\" decoding=\"async\" src=\"https:\/\/in-tiflis.de\/wp-content\/uploads\/IMG_9896-web-150x150.jpg\" width=\"150\" height=\"150\" alt=\"\" \/><\/a>\r\n<\/dt><\/dl><dl class=\"gallery-item\">\n<dt class=\"gallery-icon\">\r\n<a href=\"https:\/\/in-tiflis.de\/wp-content\/uploads\/IMG_9908-web.jpg\" title=\"\" rel=\"gallery1\"><img loading=\"lazy\" decoding=\"async\" src=\"https:\/\/in-tiflis.de\/wp-content\/uploads\/IMG_9908-web-150x150.jpg\" width=\"150\" height=\"150\" alt=\"\" \/><\/a>\r\n<\/dt><\/dl><dl class=\"gallery-item\">\n<dt class=\"gallery-icon\">\r\n<a href=\"https:\/\/in-tiflis.de\/wp-content\/uploads\/IMG_9916-web.jpg\" title=\"\" rel=\"gallery1\"><img loading=\"lazy\" decoding=\"async\" src=\"https:\/\/in-tiflis.de\/wp-content\/uploads\/IMG_9916-web-150x150.jpg\" width=\"150\" height=\"150\" alt=\"\" \/><\/a>\r\n<\/dt><\/dl><br style=\"clear: both\" \/><dl class=\"gallery-item\">\n<dt class=\"gallery-icon\">\r\n<a href=\"https:\/\/in-tiflis.de\/wp-content\/uploads\/IMG_9982-web.jpg\" title=\"\" rel=\"gallery1\"><img loading=\"lazy\" decoding=\"async\" src=\"https:\/\/in-tiflis.de\/wp-content\/uploads\/IMG_9982-web-150x150.jpg\" width=\"150\" height=\"150\" alt=\"\" \/><\/a>\r\n<\/dt><\/dl><dl class=\"gallery-item\">\n<dt class=\"gallery-icon\">\r\n<a href=\"https:\/\/in-tiflis.de\/wp-content\/uploads\/IMG_9955-web.jpg\" title=\"\" rel=\"gallery1\"><img loading=\"lazy\" decoding=\"async\" src=\"https:\/\/in-tiflis.de\/wp-content\/uploads\/IMG_9955-web-150x150.jpg\" width=\"150\" height=\"150\" alt=\"\" \/><\/a>\r\n<\/dt><\/dl><dl class=\"gallery-item\">\n<dt class=\"gallery-icon\">\r\n<a href=\"https:\/\/in-tiflis.de\/wp-content\/uploads\/IMG_9992-web.jpg\" title=\"\" rel=\"gallery1\"><img loading=\"lazy\" decoding=\"async\" src=\"https:\/\/in-tiflis.de\/wp-content\/uploads\/IMG_9992-web-150x150.jpg\" width=\"150\" height=\"150\" alt=\"\" \/><\/a>\r\n<\/dt><\/dl><dl class=\"gallery-item\">\n<dt class=\"gallery-icon\">\r\n<a href=\"https:\/\/in-tiflis.de\/wp-content\/uploads\/IMG_9961-web.jpg\" title=\"\" rel=\"gallery1\"><img loading=\"lazy\" decoding=\"async\" src=\"https:\/\/in-tiflis.de\/wp-content\/uploads\/IMG_9961-web-150x150.jpg\" width=\"150\" height=\"150\" alt=\"\" \/><\/a>\r\n<\/dt><\/dl><br style=\"clear: both\" \/>\r\n\t\t<\/div>\n\n<p><em>Fotos: Vadim Kretschmer<\/em><\/p>\n","protected":false},"excerpt":{"rendered":"<p>Gasteig Kulturzentrum M\u00fcnchen, Glashalle Ausstellungser\u00f6ffnung am 18.03.2014 Bitte anklicken zum Vergr\u00f6\u00dfern! Fotos: Vadim Kretschmer<\/p>\n","protected":false},"author":1,"featured_media":0,"parent":0,"menu_order":0,"comment_status":"closed","ping_status":"closed","template":"","meta":{"footnotes":""},"class_list":["post-1069","page","type-page","status-publish","hentry"],"_links":{"self":[{"href":"https:\/\/in-tiflis.de\/en\/wp-json\/wp\/v2\/pages\/1069"}],"collection":[{"href":"https:\/\/in-tiflis.de\/en\/wp-json\/wp\/v2\/pages"}],"about":[{"href":"https:\/\/in-tiflis.de\/en\/wp-json\/wp\/v2\/types\/page"}],"author":[{"embeddable":true,"href":"https:\/\/in-tiflis.de\/en\/wp-json\/wp\/v2\/users\/1"}],"replies":[{"embeddable":true,"href":"https:\/\/in-tiflis.de\/en\/wp-json\/wp\/v2\/comments?post=1069"}],"version-history":[{"count":1,"href":"https:\/\/in-tiflis.de\/en\/wp-json\/wp\/v2\/pages\/1069\/revisions"}],"predecessor-version":[{"id":1070,"href":"https:\/\/in-tiflis.de\/en\/wp-json\/wp\/v2\/pages\/1069\/revisions\/1070"}],"wp:attachment":[{"href":"https:\/\/in-tiflis.de\/en\/wp-json\/wp\/v2\/media?parent=1069"}],"curies":[{"name":"wp","href":"https:\/\/api.w.org\/{rel}","templated":true}]}}