{"id":1064,"date":"2014-05-11T20:41:45","date_gmt":"2014-05-11T20:41:45","guid":{"rendered":"http:\/\/tiflis.local\/?page_id=1064"},"modified":"2014-05-11T20:41:45","modified_gmt":"2014-05-11T20:41:45","slug":"exhibition-banners","status":"publish","type":"page","link":"https:\/\/in-tiflis.de\/en\/exhibition-banners\/","title":{"rendered":"Exhibition &#8211; Banners"},"content":{"rendered":"<p>Kurze Texte zu den hier dargestellten Personen ab Bild 4 siehe unten.<br \/>\nDie ausf\u00fchrlichen Texte und die Fotos zu allen 34 Portr\u00e4ts finden Sie in der <a title=\"Publikation\" href=\"https:\/\/in-tiflis.de\/publikation\/\">Buchpublikation<\/a>.<br \/>\nDie Interviews wurden 2011 und 2012 gef\u00fchrt.<\/p>\n<p>Bitte anklicken zum Vergr\u00f6\u00dfern!<\/p>\n\r\n\t\t<style type='text\/css'>\r\n\t\t\t#gallery-1 {\r\n\t\t\t\tmargin: auto;\r\n\t\t\t}\r\n\t\t\t#gallery-1 .gallery-item {\r\n\t\t\t\tfloat: left;\r\n\t\t\t\tmargin-top: 10px;\r\n\t\t\t\ttext-align: center;\r\n\t\t\t\twidth: 25%;\r\n\t\t\t}\r\n\t\t\t#gallery-1 img {\r\n\t\t\t\tborder: 2px solid #cfcfcf;\r\n\t\t\t}\r\n\t\t\t#gallery-1 .gallery-caption {\r\n\t\t\t\tmargin-left: 0;\r\n\t\t\t}\r\n\t\t<\/style>\r\n\t\t<!-- see gallery_shortcode() in wp-includes\/media.php -->\n\t\t<div id='gallery-1' class='gallery galleryid-1064 gallery-columns-4 gallery-size-thumbnail gallery1'><script type=\"text\/javascript\">\r\n\/\/ <![CDATA[\r\n\tjQuery(document).ready(function () {\r\n\t\tjQuery(\".gallery1 a\").attr(\"rel\",\"gallery1\");\t\r\n\t\tjQuery('a[rel=\"gallery1\"]').colorbox({maxWidth:\"95%\", maxHeight:\"95%\",title: function(){ return jQuery(this).children().attr(\"alt\"); }, });\r\n\t});\r\n\/\/ ]]>\r\n<\/script>\n<dl class=\"gallery-item\">\n<dt class=\"gallery-icon\">\r\n<a href=\"https:\/\/in-tiflis.de\/wp-content\/uploads\/IMG_9208-web.jpg\" title=\"Gasteig Kulturzentrum M\u00fcnchen\" rel=\"gallery1\"><img loading=\"lazy\" decoding=\"async\" src=\"https:\/\/in-tiflis.de\/wp-content\/uploads\/IMG_9208-web-150x150.jpg\" width=\"150\" height=\"150\" alt=\"Gasteig Kulturzentrum M\u00fcnchen\" \/><\/a>\r\n<\/dt><dd class=\"gallery-caption\" id=\"caption1706\"><span class=\"imagecaption\">Gasteig Kulturzentrum M\u00fcnchen<\/span><br \/>\n<\/dd><\/dl><dl class=\"gallery-item\">\n<dt class=\"gallery-icon\">\r\n<a href=\"https:\/\/in-tiflis.de\/wp-content\/uploads\/IMG_9193-web.jpg\" title=\"Gasteig Kulturzentrum M\u00fcnchen\" rel=\"gallery1\"><img loading=\"lazy\" decoding=\"async\" src=\"https:\/\/in-tiflis.de\/wp-content\/uploads\/IMG_9193-web-150x150.jpg\" width=\"150\" height=\"150\" alt=\"Gasteig Kulturzentrum M\u00fcnchen\" \/><\/a>\r\n<\/dt><dd class=\"gallery-caption\" id=\"caption1705\"><span class=\"imagecaption\">Gasteig Kulturzentrum M\u00fcnchen<\/span><br \/>\n<\/dd><\/dl><dl class=\"gallery-item\">\n<dt class=\"gallery-icon\">\r\n<a href=\"https:\/\/in-tiflis.de\/wp-content\/uploads\/IMG_9164-web.jpg\" title=\"\u00dcber das Projekt\" rel=\"gallery1\"><img loading=\"lazy\" decoding=\"async\" src=\"https:\/\/in-tiflis.de\/wp-content\/uploads\/IMG_9164-web-150x150.jpg\" width=\"150\" height=\"150\" alt=\"\u00dcber das Projekt\" \/><\/a>\r\n<\/dt><dd class=\"gallery-caption\" id=\"caption1704\"><span class=\"imagecaption\">\u00dcber das Projekt<\/span><br \/>\n<\/dd><\/dl><dl class=\"gallery-item\">\n<dt class=\"gallery-icon\">\r\n<a href=\"https:\/\/in-tiflis.de\/wp-content\/uploads\/IMG_0180-web.jpg\" title=\"Koka Ramishwili, K\u00fcnstler\" rel=\"gallery1\"><img loading=\"lazy\" decoding=\"async\" src=\"https:\/\/in-tiflis.de\/wp-content\/uploads\/IMG_0180-web-150x150.jpg\" width=\"150\" height=\"150\" alt=\"Koka Ramishwili, K\u00fcnstler\" \/><\/a>\r\n<\/dt><dd class=\"gallery-caption\" id=\"caption1698\"><span class=\"imagecaption\">Koka Ramishwili, K\u00fcnstler<\/span><br \/>\n<\/dd><\/dl><br style=\"clear: both\" \/><dl class=\"gallery-item\">\n<dt class=\"gallery-icon\">\r\n<a href=\"https:\/\/in-tiflis.de\/wp-content\/uploads\/IMG_0181-web.jpg\" title=\"Tsitso Gogoladse, Schneiderin\" rel=\"gallery1\"><img loading=\"lazy\" decoding=\"async\" src=\"https:\/\/in-tiflis.de\/wp-content\/uploads\/IMG_0181-web-150x150.jpg\" width=\"150\" height=\"150\" alt=\"Tsitso Gogoladse, Schneiderin\" \/><\/a>\r\n<\/dt><dd class=\"gallery-caption\" id=\"caption1699\"><span class=\"imagecaption\">Tsitso Gogoladse, Schneiderin<\/span><br \/>\n<\/dd><\/dl><dl class=\"gallery-item\">\n<dt class=\"gallery-icon\">\r\n<a href=\"https:\/\/in-tiflis.de\/wp-content\/uploads\/IMG_0203-web.jpg\" title=\"Ia Elisashwili, Bratschistin\" rel=\"gallery1\"><img loading=\"lazy\" decoding=\"async\" src=\"https:\/\/in-tiflis.de\/wp-content\/uploads\/IMG_0203-web-150x150.jpg\" width=\"150\" height=\"150\" alt=\"Ia Elisashwili, Bratschistin\" \/><\/a>\r\n<\/dt><dd class=\"gallery-caption\" id=\"caption1700\"><span class=\"imagecaption\">Ia Elisashwili, Bratschistin<\/span><br \/>\n<\/dd><\/dl><dl class=\"gallery-item\">\n<dt class=\"gallery-icon\">\r\n<a href=\"https:\/\/in-tiflis.de\/wp-content\/uploads\/IMG_0206-web.jpg\" title=\"Kacha Gwelesiani, CEO ExpoGeorgia\" rel=\"gallery1\"><img loading=\"lazy\" decoding=\"async\" src=\"https:\/\/in-tiflis.de\/wp-content\/uploads\/IMG_0206-web-150x150.jpg\" width=\"150\" height=\"150\" alt=\"Kacha Gwelesiani, CEO ExpoGeorgia\" \/><\/a>\r\n<\/dt><dd class=\"gallery-caption\" id=\"caption1701\"><span class=\"imagecaption\">Kacha Gwelesiani, CEO ExpoGeorgia<\/span><br \/>\n<\/dd><\/dl><dl class=\"gallery-item\">\n<dt class=\"gallery-icon\">\r\n<a href=\"https:\/\/in-tiflis.de\/wp-content\/uploads\/IMG_0230-web.jpg\" title=\"Manana Macharadse, Radiojournalistin\" rel=\"gallery1\"><img loading=\"lazy\" decoding=\"async\" src=\"https:\/\/in-tiflis.de\/wp-content\/uploads\/IMG_0230-web-150x150.jpg\" width=\"150\" height=\"150\" alt=\"Manana Macharadse, Radiojournalistin\" \/><\/a>\r\n<\/dt><dd class=\"gallery-caption\" id=\"caption1702\"><span class=\"imagecaption\">Manana Macharadse, Radiojournalistin<\/span><br \/>\n<\/dd><\/dl><br style=\"clear: both\" \/><dl class=\"gallery-item\">\n<dt class=\"gallery-icon\">\r\n<a href=\"https:\/\/in-tiflis.de\/wp-content\/uploads\/IMG_9274-web.jpg\" title=\"Elsa Bagdasarian, Manik\u00fcre\" rel=\"gallery1\"><img loading=\"lazy\" decoding=\"async\" src=\"https:\/\/in-tiflis.de\/wp-content\/uploads\/IMG_9274-web-150x150.jpg\" width=\"150\" height=\"150\" alt=\"Elsa Bagdasarian, Manik\u00fcre\" \/><\/a>\r\n<\/dt><dd class=\"gallery-caption\" id=\"caption1707\"><span class=\"imagecaption\">Elsa Bagdasarian, Manik\u00fcre<\/span><br \/>\n<\/dd><\/dl><dl class=\"gallery-item\">\n<dt class=\"gallery-icon\">\r\n<a href=\"https:\/\/in-tiflis.de\/wp-content\/uploads\/IMG_9162-web.jpg\" title=\"Marina Baidaschwili, Kinderfrau - Tina Geladse, Rentnerin\" rel=\"gallery1\"><img loading=\"lazy\" decoding=\"async\" src=\"https:\/\/in-tiflis.de\/wp-content\/uploads\/IMG_9162-web-150x150.jpg\" width=\"150\" height=\"150\" alt=\"Marina Baidaschwili, Kinderfrau - Tina Geladse, Rentnerin\" \/><\/a>\r\n<\/dt><dd class=\"gallery-caption\" id=\"caption1703\"><span class=\"imagecaption\">Marina Baidaschwili, Kinderfrau - Tina Geladse, Rentnerin<\/span><br \/>\n<\/dd><\/dl><dl class=\"gallery-item\">\n<dt class=\"gallery-icon\">\r\n<a href=\"https:\/\/in-tiflis.de\/wp-content\/uploads\/IMG_0143-web.jpg\" title=\"Simon Daschtu, Haustechniker in der Augenklinik\" rel=\"gallery1\"><img loading=\"lazy\" decoding=\"async\" src=\"https:\/\/in-tiflis.de\/wp-content\/uploads\/IMG_0143-web-150x150.jpg\" width=\"150\" height=\"150\" alt=\"Simon Daschtu, Haustechniker in der Augenklinik\" \/><\/a>\r\n<\/dt><dd class=\"gallery-caption\" id=\"caption1697\"><span class=\"imagecaption\">Simon Daschtu, Haustechniker in der Augenklinik<\/span><br \/>\n<\/dd><\/dl><dl class=\"gallery-item\">\n<dt class=\"gallery-icon\">\r\n<a href=\"https:\/\/in-tiflis.de\/wp-content\/uploads\/IMG_9276-web.jpg\" title=\"Tamara Gurgenidse, Mezzosopran\" rel=\"gallery1\"><img loading=\"lazy\" decoding=\"async\" src=\"https:\/\/in-tiflis.de\/wp-content\/uploads\/IMG_9276-web-150x150.jpg\" width=\"150\" height=\"150\" alt=\"Tamara Gurgenidse, Mezzosopran\" \/><\/a>\r\n<\/dt><dd class=\"gallery-caption\" id=\"caption1708\"><span class=\"imagecaption\">Tamara Gurgenidse, Mezzosopran<\/span><br \/>\n<\/dd><\/dl><br style=\"clear: both\" \/><dl class=\"gallery-item\">\n<dt class=\"gallery-icon\">\r\n<a href=\"https:\/\/in-tiflis.de\/wp-content\/uploads\/IMG_9842-web.jpg\" title=\"Maka Alioglu, Projektleiterin\" rel=\"gallery1\"><img loading=\"lazy\" decoding=\"async\" src=\"https:\/\/in-tiflis.de\/wp-content\/uploads\/IMG_9842-web-150x150.jpg\" width=\"150\" height=\"150\" alt=\"Maka Alioglu, Projektleiterin\" \/><\/a>\r\n<\/dt><dd class=\"gallery-caption\" id=\"caption1717\"><span class=\"imagecaption\">Maka Alioglu, Projektleiterin<\/span><br \/>\n<\/dd><\/dl><dl class=\"gallery-item\">\n<dt class=\"gallery-icon\">\r\n<a href=\"https:\/\/in-tiflis.de\/wp-content\/uploads\/IMG_9281-web.jpg\" title=\"Ketato Popiaschwili, S\u00e4ngerin\" rel=\"gallery1\"><img loading=\"lazy\" decoding=\"async\" src=\"https:\/\/in-tiflis.de\/wp-content\/uploads\/IMG_9281-web-150x150.jpg\" width=\"150\" height=\"150\" alt=\"Ketato Popiaschwili, S\u00e4ngerin\" \/><\/a>\r\n<\/dt><dd class=\"gallery-caption\" id=\"caption1709\"><span class=\"imagecaption\">Ketato Popiaschwili, S\u00e4ngerin<\/span><br \/>\n<\/dd><\/dl><dl class=\"gallery-item\">\n<dt class=\"gallery-icon\">\r\n<a href=\"https:\/\/in-tiflis.de\/wp-content\/uploads\/IMG_9834-web.jpg\" title=\"Solomon Lasariaschwili, Autoh\u00e4ndler \" rel=\"gallery1\"><img loading=\"lazy\" decoding=\"async\" src=\"https:\/\/in-tiflis.de\/wp-content\/uploads\/IMG_9834-web-150x150.jpg\" width=\"150\" height=\"150\" alt=\"Solomon Lasariaschwili, Autoh\u00e4ndler \" \/><\/a>\r\n<\/dt><dd class=\"gallery-caption\" id=\"caption1716\"><span class=\"imagecaption\">Solomon Lasariaschwili, Autoh\u00e4ndler <\/span><br \/>\n<\/dd><\/dl><dl class=\"gallery-item\">\n<dt class=\"gallery-icon\">\r\n<a href=\"https:\/\/in-tiflis.de\/wp-content\/uploads\/IMG_9282-web.jpg\" title=\"M. Berdsenischwili Bildhauer + G. Chechelaschwili, Physiker\" rel=\"gallery1\"><img loading=\"lazy\" decoding=\"async\" src=\"https:\/\/in-tiflis.de\/wp-content\/uploads\/IMG_9282-web-150x150.jpg\" width=\"150\" height=\"150\" alt=\"M. Berdsenischwili Bildhauer + G. Chechelaschwili, Physiker\" \/><\/a>\r\n<\/dt><dd class=\"gallery-caption\" id=\"caption1710\"><span class=\"imagecaption\">M. Berdsenischwili Bildhauer + G. Chechelaschwili, Physiker<\/span><br \/>\n<\/dd><\/dl><br style=\"clear: both\" \/><dl class=\"gallery-item\">\n<dt class=\"gallery-icon\">\r\n<a href=\"https:\/\/in-tiflis.de\/wp-content\/uploads\/IMG_9827-web.jpg\" title=\"Keti Dschischiaschwili, K\u00fcnstlerin, \u00dcbersetzerin\" rel=\"gallery1\"><img loading=\"lazy\" decoding=\"async\" src=\"https:\/\/in-tiflis.de\/wp-content\/uploads\/IMG_9827-web-150x150.jpg\" width=\"150\" height=\"150\" alt=\"Keti Dschischiaschwili, K\u00fcnstlerin, \u00dcbersetzerin\" \/><\/a>\r\n<\/dt><dd class=\"gallery-caption\" id=\"caption1715\"><span class=\"imagecaption\">Keti Dschischiaschwili, K\u00fcnstlerin, \u00dcbersetzerin<\/span><br \/>\n<\/dd><\/dl><dl class=\"gallery-item\">\n<dt class=\"gallery-icon\">\r\n<a href=\"https:\/\/in-tiflis.de\/wp-content\/uploads\/IMG_9902-web.jpg\" title=\"Friedhof in Wake, Tiflis\" rel=\"gallery1\"><img loading=\"lazy\" decoding=\"async\" src=\"https:\/\/in-tiflis.de\/wp-content\/uploads\/IMG_9902-web-150x150.jpg\" width=\"150\" height=\"150\" alt=\"Friedhof in Wake, Tiflis\" \/><\/a>\r\n<\/dt><dd class=\"gallery-caption\" id=\"caption1720\"><span class=\"imagecaption\">Friedhof in Wake, Tiflis<\/span><br \/>\n<\/dd><\/dl><dl class=\"gallery-item\">\n<dt class=\"gallery-icon\">\r\n<a href=\"https:\/\/in-tiflis.de\/wp-content\/uploads\/IMG_9283-web.jpg\" title=\"Elene Chudoian, Leiterin Jesidischer Verein\" rel=\"gallery1\"><img loading=\"lazy\" decoding=\"async\" src=\"https:\/\/in-tiflis.de\/wp-content\/uploads\/IMG_9283-web-150x150.jpg\" width=\"150\" height=\"150\" alt=\"Elene Chudoian, Leiterin Jesidischer Verein\" \/><\/a>\r\n<\/dt><dd class=\"gallery-caption\" id=\"caption1711\"><span class=\"imagecaption\">Elene Chudoian, Leiterin Jesidischer Verein<\/span><br \/>\n<\/dd><\/dl><dl class=\"gallery-item\">\n<dt class=\"gallery-icon\">\r\n<a href=\"https:\/\/in-tiflis.de\/wp-content\/uploads\/IMG_9285-web.jpg\" title=\"Tsissa Tscholokachwili, T\u00e4nzerin und Regieassistentin\" rel=\"gallery1\"><img loading=\"lazy\" decoding=\"async\" src=\"https:\/\/in-tiflis.de\/wp-content\/uploads\/IMG_9285-web-150x150.jpg\" width=\"150\" height=\"150\" alt=\"Tsissa Tscholokachwili, T\u00e4nzerin und Regieassistentin\" \/><\/a>\r\n<\/dt><dd class=\"gallery-caption\" id=\"caption1713\"><span class=\"imagecaption\">Tsissa Tscholokachwili, T\u00e4nzerin und Regieassistentin<\/span><br \/>\n<\/dd><\/dl><br style=\"clear: both\" \/><dl class=\"gallery-item\">\n<dt class=\"gallery-icon\">\r\n<a href=\"https:\/\/in-tiflis.de\/wp-content\/uploads\/IMG_9284-web.jpg\" title=\"Marine Solomonischwili, Aktivistin f\u00fcr Minderheiten\" rel=\"gallery1\"><img loading=\"lazy\" decoding=\"async\" src=\"https:\/\/in-tiflis.de\/wp-content\/uploads\/IMG_9284-web-150x150.jpg\" width=\"150\" height=\"150\" alt=\"Marine Solomonischwili, Aktivistin f\u00fcr Minderheiten\" \/><\/a>\r\n<\/dt><dd class=\"gallery-caption\" id=\"caption1712\"><span class=\"imagecaption\">Marine Solomonischwili, Aktivistin f\u00fcr Minderheiten<\/span><br \/>\n<\/dd><\/dl><dl class=\"gallery-item\">\n<dt class=\"gallery-icon\">\r\n<a href=\"https:\/\/in-tiflis.de\/wp-content\/uploads\/IMG_9301-web.jpg\" title=\"Madona und Venra, Fl\u00fcchtlinge aus S\u00fcdossetien\" rel=\"gallery1\"><img loading=\"lazy\" decoding=\"async\" src=\"https:\/\/in-tiflis.de\/wp-content\/uploads\/IMG_9301-web-150x150.jpg\" width=\"150\" height=\"150\" alt=\"Madona und Venra, Fl\u00fcchtlinge aus S\u00fcdossetien\" \/><\/a>\r\n<\/dt><dd class=\"gallery-caption\" id=\"caption1714\"><span class=\"imagecaption\">Madona und Venra, Fl\u00fcchtlinge aus S\u00fcdossetien<\/span><br \/>\n<\/dd><\/dl><dl class=\"gallery-item\">\n<dt class=\"gallery-icon\">\r\n<a href=\"https:\/\/in-tiflis.de\/wp-content\/uploads\/IMG_9847-web.jpg\" title=\"Baia Puturidse, Lehrerin i.R.\" rel=\"gallery1\"><img loading=\"lazy\" decoding=\"async\" src=\"https:\/\/in-tiflis.de\/wp-content\/uploads\/IMG_9847-web-150x150.jpg\" width=\"150\" height=\"150\" alt=\"Baia Puturidse, Lehrerin i.R.\" \/><\/a>\r\n<\/dt><dd class=\"gallery-caption\" id=\"caption1718\"><span class=\"imagecaption\">Baia Puturidse, Lehrerin i.R.<\/span><br \/>\n<\/dd><\/dl><dl class=\"gallery-item\">\n<dt class=\"gallery-icon\">\r\n<a href=\"https:\/\/in-tiflis.de\/wp-content\/uploads\/IMG_9875-web.jpg\" title=\"Levan Tsintsadse, Geigenbauer\" rel=\"gallery1\"><img loading=\"lazy\" decoding=\"async\" src=\"https:\/\/in-tiflis.de\/wp-content\/uploads\/IMG_9875-web-150x150.jpg\" width=\"150\" height=\"150\" alt=\"Levan Tsintsadse, Geigenbauer\" \/><\/a>\r\n<\/dt><dd class=\"gallery-caption\" id=\"caption1719\"><span class=\"imagecaption\">Levan Tsintsadse, Geigenbauer<\/span><br \/>\n<\/dd><\/dl><br style=\"clear: both\" \/>\r\n\t\t<\/div>\n\n<p><strong>\u00a0<\/strong><\/p>\n","protected":false},"excerpt":{"rendered":"<p>Kurze Texte zu den hier dargestellten Personen ab Bild 4 siehe unten. Die ausf\u00fchrlichen Texte und die Fotos zu allen 34 Portr\u00e4ts finden Sie in der Buchpublikation. Die Interviews wurden 2011 und 2012 gef\u00fchrt. Bitte anklicken zum Vergr\u00f6\u00dfern! \u00a0<\/p>\n","protected":false},"author":1,"featured_media":0,"parent":0,"menu_order":0,"comment_status":"closed","ping_status":"closed","template":"","meta":{"footnotes":""},"class_list":["post-1064","page","type-page","status-publish","hentry"],"_links":{"self":[{"href":"https:\/\/in-tiflis.de\/en\/wp-json\/wp\/v2\/pages\/1064"}],"collection":[{"href":"https:\/\/in-tiflis.de\/en\/wp-json\/wp\/v2\/pages"}],"about":[{"href":"https:\/\/in-tiflis.de\/en\/wp-json\/wp\/v2\/types\/page"}],"author":[{"embeddable":true,"href":"https:\/\/in-tiflis.de\/en\/wp-json\/wp\/v2\/users\/1"}],"replies":[{"embeddable":true,"href":"https:\/\/in-tiflis.de\/en\/wp-json\/wp\/v2\/comments?post=1064"}],"version-history":[{"count":1,"href":"https:\/\/in-tiflis.de\/en\/wp-json\/wp\/v2\/pages\/1064\/revisions"}],"predecessor-version":[{"id":1065,"href":"https:\/\/in-tiflis.de\/en\/wp-json\/wp\/v2\/pages\/1064\/revisions\/1065"}],"wp:attachment":[{"href":"https:\/\/in-tiflis.de\/en\/wp-json\/wp\/v2\/media?parent=1064"}],"curies":[{"name":"wp","href":"https:\/\/api.w.org\/{rel}","templated":true}]}}